{"id":363,"date":"2020-03-02T17:32:59","date_gmt":"2020-03-02T20:32:59","guid":{"rendered":"http:\/\/mineroc2.amtc.cl\/mineroc2\/?page_id=363"},"modified":"2020-03-02T17:44:57","modified_gmt":"2020-03-02T20:44:57","slug":"mine-exploration-esp","status":"publish","type":"page","link":"https:\/\/mineroc2.amtc.cl\/?page_id=363&lang=es","title":{"rendered":"Mine Exploration &#8211; ESP"},"content":{"rendered":"\t\t<div data-elementor-type=\"wp-page\" data-elementor-id=\"363\" class=\"elementor elementor-363\">\n\t\t\t\t\t\t<div class=\"elementor-inner\">\n\t\t\t\t<div class=\"elementor-section-wrap\">\n\t\t\t\t\t\t\t\t\t<section class=\"elementor-section elementor-top-section elementor-element elementor-element-4afa6915 elementor-section-content-middle elementor-section-boxed elementor-section-height-default elementor-section-height-default\" data-id=\"4afa6915\" data-element_type=\"section\">\n\t\t\t\t\t\t<div class=\"elementor-container elementor-column-gap-no\">\n\t\t\t\t\t\t\t<div class=\"elementor-row\">\n\t\t\t\t\t<div class=\"elementor-column elementor-col-100 elementor-top-column elementor-element elementor-element-6534aedb elementor-invisible\" data-id=\"6534aedb\" data-element_type=\"column\" data-settings=\"{&quot;animation&quot;:&quot;slideInLeft&quot;}\">\n\t\t\t<div class=\"elementor-column-wrap elementor-element-populated\">\n\t\t\t\t\t\t\t<div class=\"elementor-widget-wrap\">\n\t\t\t\t\t\t<div class=\"elementor-element elementor-element-617cbdfe elementor-widget elementor-widget-image\" data-id=\"617cbdfe\" data-element_type=\"widget\" data-widget_type=\"image.default\">\n\t\t\t\t<div class=\"elementor-widget-container\">\n\t\t\t\t\t\t\t\t<div class=\"elementor-image\">\n\t\t\t\t\t\t\t\t\t\t\t\t<img width=\"194\" height=\"186\" src=\"https:\/\/mineroc2.amtc.cl\/wp-content\/uploads\/2020\/03\/Mine-Exploration.png\" class=\"elementor-animation-grow attachment-full size-full\" alt=\"\" loading=\"lazy\" \/>\t\t\t\t\t\t\t\t\t\t\t\t\t\t<\/div>\n\t\t\t\t\t\t<\/div>\n\t\t\t\t<\/div>\n\t\t\t\t<div class=\"elementor-element elementor-element-623b0a3d elementor-widget elementor-widget-heading\" data-id=\"623b0a3d\" data-element_type=\"widget\" data-widget_type=\"heading.default\">\n\t\t\t\t<div class=\"elementor-widget-container\">\n\t\t\t<h4 class=\"elementor-heading-title elementor-size-default\">Mine Exploration<\/h4>\t\t<\/div>\n\t\t\t\t<\/div>\n\t\t\t\t<div class=\"elementor-element elementor-element-49ebba4f elementor-widget elementor-widget-text-editor\" data-id=\"49ebba4f\" data-element_type=\"widget\" data-widget_type=\"text-editor.default\">\n\t\t\t\t<div class=\"elementor-widget-container\">\n\t\t\t\t\t\t\t\t<div class=\"elementor-text-editor elementor-clearfix\">\n\t\t\t\t<p><span>Este m\u00f3dulo permite analizar gr\u00e1ficos de estabilidad junto a una visualizaci\u00f3n 3D de los caserones y caracter\u00edsticas de la mina, permitiendo tener una caracterizaci\u00f3n completa y din\u00e1mica de ellos.<\/span><\/p>\t\t\t\t\t<\/div>\n\t\t\t\t\t\t<\/div>\n\t\t\t\t<\/div>\n\t\t\t\t<section class=\"elementor-section elementor-inner-section elementor-element elementor-element-65de3410 elementor-section-content-middle elementor-section-boxed elementor-section-height-default elementor-section-height-default\" data-id=\"65de3410\" data-element_type=\"section\">\n\t\t\t\t\t\t<div class=\"elementor-container elementor-column-gap-no\">\n\t\t\t\t\t\t\t<div class=\"elementor-row\">\n\t\t\t\t\t<div class=\"elementor-column elementor-col-100 elementor-inner-column elementor-element elementor-element-58177bcb\" data-id=\"58177bcb\" data-element_type=\"column\">\n\t\t\t<div class=\"elementor-column-wrap elementor-element-populated\">\n\t\t\t\t\t\t\t<div class=\"elementor-widget-wrap\">\n\t\t\t\t\t\t<div class=\"elementor-element elementor-element-3bb69801 elementor-widget elementor-widget-image\" data-id=\"3bb69801\" data-element_type=\"widget\" data-widget_type=\"image.default\">\n\t\t\t\t<div class=\"elementor-widget-container\">\n\t\t\t\t\t\t\t\t<div class=\"elementor-image\">\n\t\t\t\t\t\t\t\t\t\t\t\t<img width=\"1312\" height=\"707\" src=\"https:\/\/mineroc2.amtc.cl\/wp-content\/uploads\/2020\/03\/Mine-Explo.jpg\" class=\"elementor-animation-grow attachment-full size-full\" alt=\"\" loading=\"lazy\" srcset=\"https:\/\/mineroc2.amtc.cl\/wp-content\/uploads\/2020\/03\/Mine-Explo.jpg 1312w, https:\/\/mineroc2.amtc.cl\/wp-content\/uploads\/2020\/03\/Mine-Explo-300x162.jpg 300w, https:\/\/mineroc2.amtc.cl\/wp-content\/uploads\/2020\/03\/Mine-Explo-1024x552.jpg 1024w, https:\/\/mineroc2.amtc.cl\/wp-content\/uploads\/2020\/03\/Mine-Explo-768x414.jpg 768w\" sizes=\"(max-width: 1312px) 100vw, 1312px\" \/>\t\t\t\t\t\t\t\t\t\t\t\t\t\t<\/div>\n\t\t\t\t\t\t<\/div>\n\t\t\t\t<\/div>\n\t\t\t\t<div class=\"elementor-element elementor-element-61ca97f7 elementor-widget elementor-widget-image\" data-id=\"61ca97f7\" data-element_type=\"widget\" data-widget_type=\"image.default\">\n\t\t\t\t<div class=\"elementor-widget-container\">\n\t\t\t\t\t\t\t\t<div class=\"elementor-image\">\n\t\t\t\t\t\t\t\t\t\t\t\t<img width=\"1456\" height=\"742\" src=\"https:\/\/mineroc2.amtc.cl\/wp-content\/uploads\/2020\/03\/Captura.jpg\" class=\"elementor-animation-grow attachment-full size-full\" alt=\"\" loading=\"lazy\" srcset=\"https:\/\/mineroc2.amtc.cl\/wp-content\/uploads\/2020\/03\/Captura.jpg 1456w, https:\/\/mineroc2.amtc.cl\/wp-content\/uploads\/2020\/03\/Captura-300x153.jpg 300w, https:\/\/mineroc2.amtc.cl\/wp-content\/uploads\/2020\/03\/Captura-1024x522.jpg 1024w, https:\/\/mineroc2.amtc.cl\/wp-content\/uploads\/2020\/03\/Captura-768x391.jpg 768w\" sizes=\"(max-width: 1456px) 100vw, 1456px\" \/>\t\t\t\t\t\t\t\t\t\t\t\t\t\t<\/div>\n\t\t\t\t\t\t<\/div>\n\t\t\t\t<\/div>\n\t\t\t\t\t\t<\/div>\n\t\t\t\t\t<\/div>\n\t\t<\/div>\n\t\t\t\t\t\t\t\t<\/div>\n\t\t\t\t\t<\/div>\n\t\t<\/section>\n\t\t\t\t\t\t<\/div>\n\t\t\t\t\t<\/div>\n\t\t<\/div>\n\t\t\t\t\t\t\t\t<\/div>\n\t\t\t\t\t<\/div>\n\t\t<\/section>\n\t\t\t\t\t\t\t\t\t<\/div>\n\t\t\t<\/div>\n\t\t\t\t\t<\/div>\n\t\t","protected":false},"excerpt":{"rendered":"<p>Mine Exploration Este m\u00f3dulo permite analizar gr\u00e1ficos de estabilidad junto a una visualizaci\u00f3n 3D de los caserones y caracter\u00edsticas de la mina, permitiendo tener una caracterizaci\u00f3n completa y din\u00e1mica de ellos.<\/p>\n","protected":false},"author":1,"featured_media":0,"parent":0,"menu_order":0,"comment_status":"closed","ping_status":"closed","template":"","meta":{"site-sidebar-layout":"no-sidebar","site-content-layout":"page-builder","ast-global-header-display":"","ast-main-header-display":"","ast-hfb-above-header-display":"","ast-hfb-below-header-display":"","ast-hfb-mobile-header-display":"","site-post-title":"disabled","ast-breadcrumbs-content":"","ast-featured-img":"disabled","footer-sml-layout":"","theme-transparent-header-meta":"default","adv-header-id-meta":"","stick-header-meta":"","header-above-stick-meta":"","header-main-stick-meta":"","header-below-stick-meta":""},"_links":{"self":[{"href":"https:\/\/mineroc2.amtc.cl\/index.php?rest_route=\/wp\/v2\/pages\/363"}],"collection":[{"href":"https:\/\/mineroc2.amtc.cl\/index.php?rest_route=\/wp\/v2\/pages"}],"about":[{"href":"https:\/\/mineroc2.amtc.cl\/index.php?rest_route=\/wp\/v2\/types\/page"}],"author":[{"embeddable":true,"href":"https:\/\/mineroc2.amtc.cl\/index.php?rest_route=\/wp\/v2\/users\/1"}],"replies":[{"embeddable":true,"href":"https:\/\/mineroc2.amtc.cl\/index.php?rest_route=%2Fwp%2Fv2%2Fcomments&post=363"}],"version-history":[{"count":6,"href":"https:\/\/mineroc2.amtc.cl\/index.php?rest_route=\/wp\/v2\/pages\/363\/revisions"}],"predecessor-version":[{"id":376,"href":"https:\/\/mineroc2.amtc.cl\/index.php?rest_route=\/wp\/v2\/pages\/363\/revisions\/376"}],"wp:attachment":[{"href":"https:\/\/mineroc2.amtc.cl\/index.php?rest_route=%2Fwp%2Fv2%2Fmedia&parent=363"}],"curies":[{"name":"wp","href":"https:\/\/api.w.org\/{rel}","templated":true}]}}