{"id":344,"date":"2020-03-02T16:00:37","date_gmt":"2020-03-02T19:00:37","guid":{"rendered":"http:\/\/mineroc2.amtc.cl\/mineroc2\/?page_id=344"},"modified":"2020-03-09T09:40:25","modified_gmt":"2020-03-09T12:40:25","slug":"mine-design-esp","status":"publish","type":"page","link":"https:\/\/mineroc2.amtc.cl\/?page_id=344&lang=es","title":{"rendered":"Mine Design &#8211; ESP"},"content":{"rendered":"\t\t<div data-elementor-type=\"wp-page\" data-elementor-id=\"344\" class=\"elementor elementor-344\">\n\t\t\t\t\t\t<div class=\"elementor-inner\">\n\t\t\t\t<div class=\"elementor-section-wrap\">\n\t\t\t\t\t\t\t\t\t<section class=\"elementor-section elementor-top-section elementor-element elementor-element-11741bfe elementor-section-content-middle elementor-section-boxed elementor-section-height-default elementor-section-height-default\" data-id=\"11741bfe\" data-element_type=\"section\">\n\t\t\t\t\t\t<div class=\"elementor-container elementor-column-gap-no\">\n\t\t\t\t\t\t\t<div class=\"elementor-row\">\n\t\t\t\t\t<div class=\"elementor-column elementor-col-100 elementor-top-column elementor-element elementor-element-114ff8a9 elementor-invisible\" data-id=\"114ff8a9\" data-element_type=\"column\" data-settings=\"{&quot;animation&quot;:&quot;slideInLeft&quot;}\">\n\t\t\t<div class=\"elementor-column-wrap elementor-element-populated\">\n\t\t\t\t\t\t\t<div class=\"elementor-widget-wrap\">\n\t\t\t\t\t\t<div class=\"elementor-element elementor-element-7a6e178 elementor-widget elementor-widget-image\" data-id=\"7a6e178\" data-element_type=\"widget\" data-widget_type=\"image.default\">\n\t\t\t\t<div class=\"elementor-widget-container\">\n\t\t\t\t\t\t\t\t<div class=\"elementor-image\">\n\t\t\t\t\t\t\t\t\t\t\t\t<img width=\"129\" height=\"129\" src=\"https:\/\/mineroc2.amtc.cl\/wp-content\/uploads\/2020\/03\/Mine-Design.png\" class=\"elementor-animation-grow attachment-full size-full\" alt=\"\" loading=\"lazy\" \/>\t\t\t\t\t\t\t\t\t\t\t\t\t\t<\/div>\n\t\t\t\t\t\t<\/div>\n\t\t\t\t<\/div>\n\t\t\t\t<div class=\"elementor-element elementor-element-21ff730a elementor-widget elementor-widget-heading\" data-id=\"21ff730a\" data-element_type=\"widget\" data-widget_type=\"heading.default\">\n\t\t\t\t<div class=\"elementor-widget-container\">\n\t\t\t<h4 class=\"elementor-heading-title elementor-size-default\">Mine Design<\/h4>\t\t<\/div>\n\t\t\t\t<\/div>\n\t\t\t\t<div class=\"elementor-element elementor-element-59682260 elementor-widget elementor-widget-text-editor\" data-id=\"59682260\" data-element_type=\"widget\" data-widget_type=\"text-editor.default\">\n\t\t\t\t<div class=\"elementor-widget-container\">\n\t\t\t\t\t\t\t\t<div class=\"elementor-text-editor elementor-clearfix\">\n\t\t\t\t<div>Este M\u00f3dulo permite evaluar el tama\u00f1o de nuevos caserones junto a sus caracter\u00edsticas geot\u00e9cnicas posicionando sus paredes en el gr\u00e1fico de estabilidad.<\/div><div>\u00a0<\/div><div>\u2022 Importar Curvas de estabilidad<br \/>\u2022 Dise\u00f1o de nuevos caserones<br \/>\u2022 An\u00e1lisis de estabilidad<br \/>\u2022 Estimaci\u00f3n de sobre- excavaci\u00f3n<\/div>\t\t\t\t\t<\/div>\n\t\t\t\t\t\t<\/div>\n\t\t\t\t<\/div>\n\t\t\t\t<section class=\"elementor-section elementor-inner-section elementor-element elementor-element-7c931771 elementor-section-content-middle elementor-section-boxed elementor-section-height-default elementor-section-height-default\" data-id=\"7c931771\" data-element_type=\"section\">\n\t\t\t\t\t\t<div class=\"elementor-container elementor-column-gap-no\">\n\t\t\t\t\t\t\t<div class=\"elementor-row\">\n\t\t\t\t\t<div class=\"elementor-column elementor-col-100 elementor-inner-column elementor-element elementor-element-51830046\" data-id=\"51830046\" data-element_type=\"column\">\n\t\t\t<div class=\"elementor-column-wrap elementor-element-populated\">\n\t\t\t\t\t\t\t<div class=\"elementor-widget-wrap\">\n\t\t\t\t\t\t<div class=\"elementor-element elementor-element-7789f22f elementor-widget elementor-widget-image\" data-id=\"7789f22f\" data-element_type=\"widget\" data-widget_type=\"image.default\">\n\t\t\t\t<div class=\"elementor-widget-container\">\n\t\t\t\t\t\t\t\t<div class=\"elementor-image\">\n\t\t\t\t\t\t\t\t\t\t\t\t<img width=\"897\" height=\"814\" src=\"https:\/\/mineroc2.amtc.cl\/wp-content\/uploads\/2020\/03\/Mine-design-2.png\" class=\"elementor-animation-grow attachment-full size-full\" alt=\"\" loading=\"lazy\" srcset=\"https:\/\/mineroc2.amtc.cl\/wp-content\/uploads\/2020\/03\/Mine-design-2.png 897w, https:\/\/mineroc2.amtc.cl\/wp-content\/uploads\/2020\/03\/Mine-design-2-300x272.png 300w, https:\/\/mineroc2.amtc.cl\/wp-content\/uploads\/2020\/03\/Mine-design-2-768x697.png 768w\" sizes=\"(max-width: 897px) 100vw, 897px\" \/>\t\t\t\t\t\t\t\t\t\t\t\t\t\t<\/div>\n\t\t\t\t\t\t<\/div>\n\t\t\t\t<\/div>\n\t\t\t\t<div class=\"elementor-element elementor-element-4f3284a5 elementor-widget elementor-widget-heading\" data-id=\"4f3284a5\" data-element_type=\"widget\" data-widget_type=\"heading.default\">\n\t\t\t\t<div class=\"elementor-widget-container\">\n\t\t\t<h3 class=\"elementor-heading-title elementor-size-default\">\n\n\n\n\n\n\n\n\n<\/h3>\t\t<\/div>\n\t\t\t\t<\/div>\n\t\t\t\t<div class=\"elementor-element elementor-element-55155c5 elementor-widget elementor-widget-heading\" data-id=\"55155c5\" data-element_type=\"widget\" data-widget_type=\"heading.default\">\n\t\t\t\t<div class=\"elementor-widget-container\">\n\t\t\t<h3 class=\"elementor-heading-title elementor-size-default\">Curvas de literatura\n\n\n\n\n\n\n\n\n\n\n<\/h3>\t\t<\/div>\n\t\t\t\t<\/div>\n\t\t\t\t<div class=\"elementor-element elementor-element-e48eb3e elementor-widget elementor-widget-text-editor\" data-id=\"e48eb3e\" data-element_type=\"widget\" data-widget_type=\"text-editor.default\">\n\t\t\t\t<div class=\"elementor-widget-container\">\n\t\t\t\t\t\t\t\t<div class=\"elementor-text-editor elementor-clearfix\">\n\t\t\t\t<div><span>Es posible utilizar las curvas de la literatura para analizar el desempe\u00f1o del dise\u00f1o.<\/span><\/div><div>\u00a0<\/div><div><span>\u2022\u00a0Mawdesley<br \/>\u2022\u00a0Potvin<br \/>\u2022\u00a0Clark<br \/>\u2022\u00a0Nickson<br \/><\/span><\/div><div>\u00a0<\/div>\t\t\t\t\t<\/div>\n\t\t\t\t\t\t<\/div>\n\t\t\t\t<\/div>\n\t\t\t\t\t\t<\/div>\n\t\t\t\t\t<\/div>\n\t\t<\/div>\n\t\t\t\t\t\t\t\t<\/div>\n\t\t\t\t\t<\/div>\n\t\t<\/section>\n\t\t\t\t\t\t<\/div>\n\t\t\t\t\t<\/div>\n\t\t<\/div>\n\t\t\t\t\t\t\t\t<\/div>\n\t\t\t\t\t<\/div>\n\t\t<\/section>\n\t\t\t\t\t\t\t\t\t<\/div>\n\t\t\t<\/div>\n\t\t\t\t\t<\/div>\n\t\t","protected":false},"excerpt":{"rendered":"<p>Mine Design Este M\u00f3dulo permite evaluar el tama\u00f1o de nuevos caserones junto a sus caracter\u00edsticas geot\u00e9cnicas posicionando sus paredes en el gr\u00e1fico de estabilidad.&nbsp;\u2022 Importar Curvas de estabilidad \u2022 Dise\u00f1o de nuevos caserones \u2022 An\u00e1lisis de estabilidad \u2022 Estimaci\u00f3n de sobre- excavaci\u00f3n Curvas de literatura Es posible utilizar las curvas de la literatura para analizar &hellip;<\/p>\n<p class=\"read-more\"> <a class=\"\" href=\"https:\/\/mineroc2.amtc.cl\/?page_id=344&#038;lang=es\"> <span class=\"screen-reader-text\">Mine Design &#8211; ESP<\/span> Read More &raquo;<\/a><\/p>\n","protected":false},"author":1,"featured_media":0,"parent":0,"menu_order":0,"comment_status":"closed","ping_status":"closed","template":"","meta":{"site-sidebar-layout":"no-sidebar","site-content-layout":"page-builder","ast-global-header-display":"","ast-main-header-display":"","ast-hfb-above-header-display":"","ast-hfb-below-header-display":"","ast-hfb-mobile-header-display":"","site-post-title":"disabled","ast-breadcrumbs-content":"","ast-featured-img":"disabled","footer-sml-layout":"","theme-transparent-header-meta":"default","adv-header-id-meta":"","stick-header-meta":"","header-above-stick-meta":"","header-main-stick-meta":"","header-below-stick-meta":""},"_links":{"self":[{"href":"https:\/\/mineroc2.amtc.cl\/index.php?rest_route=\/wp\/v2\/pages\/344"}],"collection":[{"href":"https:\/\/mineroc2.amtc.cl\/index.php?rest_route=\/wp\/v2\/pages"}],"about":[{"href":"https:\/\/mineroc2.amtc.cl\/index.php?rest_route=\/wp\/v2\/types\/page"}],"author":[{"embeddable":true,"href":"https:\/\/mineroc2.amtc.cl\/index.php?rest_route=\/wp\/v2\/users\/1"}],"replies":[{"embeddable":true,"href":"https:\/\/mineroc2.amtc.cl\/index.php?rest_route=%2Fwp%2Fv2%2Fcomments&post=344"}],"version-history":[{"count":6,"href":"https:\/\/mineroc2.amtc.cl\/index.php?rest_route=\/wp\/v2\/pages\/344\/revisions"}],"predecessor-version":[{"id":353,"href":"https:\/\/mineroc2.amtc.cl\/index.php?rest_route=\/wp\/v2\/pages\/344\/revisions\/353"}],"wp:attachment":[{"href":"https:\/\/mineroc2.amtc.cl\/index.php?rest_route=%2Fwp%2Fv2%2Fmedia&parent=344"}],"curies":[{"name":"wp","href":"https:\/\/api.w.org\/{rel}","templated":true}]}}