{"id":321,"date":"2020-03-02T15:10:42","date_gmt":"2020-03-02T18:10:42","guid":{"rendered":"http:\/\/mineroc2.amtc.cl\/mineroc2\/?page_id=321"},"modified":"2020-03-09T09:31:52","modified_gmt":"2020-03-09T12:31:52","slug":"stope-performance-mine-design-esp","status":"publish","type":"page","link":"https:\/\/mineroc2.amtc.cl\/?page_id=321&lang=es","title":{"rendered":"Stope Performance &#038; Mine Design &#8211; ESP"},"content":{"rendered":"\t\t<div data-elementor-type=\"wp-page\" data-elementor-id=\"321\" class=\"elementor elementor-321\">\n\t\t\t\t\t\t<div class=\"elementor-inner\">\n\t\t\t\t<div class=\"elementor-section-wrap\">\n\t\t\t\t\t\t\t\t\t<section class=\"elementor-section elementor-top-section elementor-element elementor-element-29e9ac42 elementor-section-content-middle elementor-section-boxed elementor-section-height-default elementor-section-height-default\" data-id=\"29e9ac42\" data-element_type=\"section\">\n\t\t\t\t\t\t<div class=\"elementor-container elementor-column-gap-no\">\n\t\t\t\t\t\t\t<div class=\"elementor-row\">\n\t\t\t\t\t<div class=\"elementor-column elementor-col-100 elementor-top-column elementor-element elementor-element-4ac10e5a elementor-invisible\" data-id=\"4ac10e5a\" data-element_type=\"column\" data-settings=\"{&quot;animation&quot;:&quot;slideInLeft&quot;}\">\n\t\t\t<div class=\"elementor-column-wrap elementor-element-populated\">\n\t\t\t\t\t\t\t<div class=\"elementor-widget-wrap\">\n\t\t\t\t\t\t<div class=\"elementor-element elementor-element-103a79ac elementor-widget elementor-widget-image\" data-id=\"103a79ac\" data-element_type=\"widget\" data-widget_type=\"image.default\">\n\t\t\t\t<div class=\"elementor-widget-container\">\n\t\t\t\t\t\t\t\t<div class=\"elementor-image\">\n\t\t\t\t\t\t\t\t\t\t\t\t<img width=\"77\" height=\"107\" src=\"https:\/\/mineroc2.amtc.cl\/wp-content\/uploads\/2020\/03\/SP-Mine-Design.png\" class=\"elementor-animation-grow attachment-full size-full\" alt=\"\" loading=\"lazy\" \/>\t\t\t\t\t\t\t\t\t\t\t\t\t\t<\/div>\n\t\t\t\t\t\t<\/div>\n\t\t\t\t<\/div>\n\t\t\t\t<div class=\"elementor-element elementor-element-5774057c elementor-widget elementor-widget-heading\" data-id=\"5774057c\" data-element_type=\"widget\" data-widget_type=\"heading.default\">\n\t\t\t\t<div class=\"elementor-widget-container\">\n\t\t\t<h4 class=\"elementor-heading-title elementor-size-default\">Stope Performance &\nMine Design\n<\/h4>\t\t<\/div>\n\t\t\t\t<\/div>\n\t\t\t\t<div class=\"elementor-element elementor-element-182ccd2b elementor-widget elementor-widget-text-editor\" data-id=\"182ccd2b\" data-element_type=\"widget\" data-widget_type=\"text-editor.default\">\n\t\t\t\t<div class=\"elementor-widget-container\">\n\t\t\t\t\t\t\t\t<div class=\"elementor-text-editor elementor-clearfix\">\n\t\t\t\t<p><span>M\u00f3dulo desarrollado para analizar la estabilidad de caserones ya explotados. En \u00e9l es posible: Importar dise\u00f1o y CMS del caser\u00f3n, Estudiar la estabilidad y sobre excavaci\u00f3n por pared, Guardar los casos analizados en bases de datos.<\/span><\/p>\t\t\t\t\t<\/div>\n\t\t\t\t\t\t<\/div>\n\t\t\t\t<\/div>\n\t\t\t\t<section class=\"elementor-section elementor-inner-section elementor-element elementor-element-445b0a9a elementor-section-content-middle elementor-section-boxed elementor-section-height-default elementor-section-height-default\" data-id=\"445b0a9a\" data-element_type=\"section\">\n\t\t\t\t\t\t<div class=\"elementor-container elementor-column-gap-no\">\n\t\t\t\t\t\t\t<div class=\"elementor-row\">\n\t\t\t\t\t<div class=\"elementor-column elementor-col-50 elementor-inner-column elementor-element elementor-element-30af9c87\" data-id=\"30af9c87\" data-element_type=\"column\" data-settings=\"{&quot;background_background&quot;:&quot;classic&quot;}\">\n\t\t\t<div class=\"elementor-column-wrap elementor-element-populated\">\n\t\t\t\t\t\t\t<div class=\"elementor-widget-wrap\">\n\t\t\t\t\t\t<div class=\"elementor-element elementor-element-55e498b7 elementor-widget elementor-widget-heading\" data-id=\"55e498b7\" data-element_type=\"widget\" data-widget_type=\"heading.default\">\n\t\t\t\t<div class=\"elementor-widget-container\">\n\t\t\t<h3 class=\"elementor-heading-title elementor-size-default\">Caracterizaci\u00f3n de unidades geot\u00e9cnicas<\/h3>\t\t<\/div>\n\t\t\t\t<\/div>\n\t\t\t\t<div class=\"elementor-element elementor-element-7ebab828 elementor-widget elementor-widget-text-editor\" data-id=\"7ebab828\" data-element_type=\"widget\" data-widget_type=\"text-editor.default\">\n\t\t\t\t<div class=\"elementor-widget-container\">\n\t\t\t\t\t\t\t\t<div class=\"elementor-text-editor elementor-clearfix\">\n\t\t\t\t<div><div><span style=\"text-decoration: underline;\"><strong>Variables de an\u00e1lisis:<\/strong><\/span><\/div><div>\u00a0<\/div><div>\u2022\u00a0ID pared<br \/>\u2022\u00a0Ancho, alto y largo<br \/>\u2022\u00a0Dip [\u00b0]<br \/>\u2022\u00a0N\u00famero de estabilidad N<br \/>\u2022\u00a0Factores A, B y C<br \/>\u2022\u00a0Q\u2019<br \/>\u2022\u00a0Radio Hidr\u00e1ulico [m]<br \/>\u2022\u00a0ELOS [m]<br \/>\u2022\u00a0UCS 50 [MPa]<br \/>\u2022\u00a0Profundidad del caser\u00f3n [m]<br \/>\u2022\u00a0\u00c1rea de la pared [m2]<br \/>\u2022\u00a0Volumen de sobre- excavaci\u00f3n [m3]<br \/>\u2022\u00a0\u00c1rea de sobre- excavaci\u00f3n [m2]<br \/>\u2022\u00a0Esfuerzo inducido en la pared [MPa]<br \/>\u2022\u00a0Profundidad media de sobre- excavaci\u00f3n[m]<\/div><div>\u00a0<\/div><\/div>\t\t\t\t\t<\/div>\n\t\t\t\t\t\t<\/div>\n\t\t\t\t<\/div>\n\t\t\t\t<div class=\"elementor-element elementor-element-7289da2f elementor-widget elementor-widget-image\" data-id=\"7289da2f\" data-element_type=\"widget\" data-widget_type=\"image.default\">\n\t\t\t\t<div class=\"elementor-widget-container\">\n\t\t\t\t\t\t\t\t<div class=\"elementor-image\">\n\t\t\t\t\t\t\t\t\t\t\t\t<img width=\"897\" height=\"814\" src=\"https:\/\/mineroc2.amtc.cl\/wp-content\/uploads\/2020\/03\/SP-Mine-Design.jpg\" class=\"elementor-animation-grow attachment-full size-full\" alt=\"\" loading=\"lazy\" srcset=\"https:\/\/mineroc2.amtc.cl\/wp-content\/uploads\/2020\/03\/SP-Mine-Design.jpg 897w, https:\/\/mineroc2.amtc.cl\/wp-content\/uploads\/2020\/03\/SP-Mine-Design-300x272.jpg 300w, https:\/\/mineroc2.amtc.cl\/wp-content\/uploads\/2020\/03\/SP-Mine-Design-768x697.jpg 768w\" sizes=\"(max-width: 897px) 100vw, 897px\" \/>\t\t\t\t\t\t\t\t\t\t\t\t\t\t<\/div>\n\t\t\t\t\t\t<\/div>\n\t\t\t\t<\/div>\n\t\t\t\t\t\t<\/div>\n\t\t\t\t\t<\/div>\n\t\t<\/div>\n\t\t\t\t<div class=\"elementor-column elementor-col-50 elementor-inner-column elementor-element elementor-element-64fc662e\" data-id=\"64fc662e\" data-element_type=\"column\" data-settings=\"{&quot;background_background&quot;:&quot;classic&quot;}\">\n\t\t\t<div class=\"elementor-column-wrap elementor-element-populated\">\n\t\t\t\t\t\t\t<div class=\"elementor-widget-wrap\">\n\t\t\t\t\t\t<div class=\"elementor-element elementor-element-5b11cd72 elementor-widget elementor-widget-heading\" data-id=\"5b11cd72\" data-element_type=\"widget\" data-widget_type=\"heading.default\">\n\t\t\t\t<div class=\"elementor-widget-container\">\n\t\t\t<h3 class=\"elementor-heading-title elementor-size-default\">C\u00e1lculo Sobre- Excavaci\u00f3n<\/h3>\t\t<\/div>\n\t\t\t\t<\/div>\n\t\t\t\t<div class=\"elementor-element elementor-element-25ed105a elementor-widget elementor-widget-text-editor\" data-id=\"25ed105a\" data-element_type=\"widget\" data-widget_type=\"text-editor.default\">\n\t\t\t\t<div class=\"elementor-widget-container\">\n\t\t\t\t\t\t\t\t<div class=\"elementor-text-editor elementor-clearfix\">\n\t\t\t\t<p>MineRoc incorpora algoritmos automatizados para definir\u00a0la sobre- excavaci\u00f3n por cada una de las paredes.<\/p>\t\t\t\t\t<\/div>\n\t\t\t\t\t\t<\/div>\n\t\t\t\t<\/div>\n\t\t\t\t<div class=\"elementor-element elementor-element-5a2a1cd elementor-widget elementor-widget-image\" data-id=\"5a2a1cd\" data-element_type=\"widget\" data-widget_type=\"image.default\">\n\t\t\t\t<div class=\"elementor-widget-container\">\n\t\t\t\t\t\t\t\t<div class=\"elementor-image\">\n\t\t\t\t\t\t\t\t\t\t\t\t<img width=\"863\" height=\"419\" src=\"https:\/\/mineroc2.amtc.cl\/wp-content\/uploads\/2020\/03\/hgcjk.png\" class=\"elementor-animation-grow attachment-full size-full\" alt=\"\" loading=\"lazy\" srcset=\"https:\/\/mineroc2.amtc.cl\/wp-content\/uploads\/2020\/03\/hgcjk.png 863w, https:\/\/mineroc2.amtc.cl\/wp-content\/uploads\/2020\/03\/hgcjk-300x146.png 300w, https:\/\/mineroc2.amtc.cl\/wp-content\/uploads\/2020\/03\/hgcjk-768x373.png 768w\" sizes=\"(max-width: 863px) 100vw, 863px\" \/>\t\t\t\t\t\t\t\t\t\t\t\t\t\t<\/div>\n\t\t\t\t\t\t<\/div>\n\t\t\t\t<\/div>\n\t\t\t\t\t\t<\/div>\n\t\t\t\t\t<\/div>\n\t\t<\/div>\n\t\t\t\t\t\t\t\t<\/div>\n\t\t\t\t\t<\/div>\n\t\t<\/section>\n\t\t\t\t\t\t<\/div>\n\t\t\t\t\t<\/div>\n\t\t<\/div>\n\t\t\t\t\t\t\t\t<\/div>\n\t\t\t\t\t<\/div>\n\t\t<\/section>\n\t\t\t\t\t\t\t\t\t<\/div>\n\t\t\t<\/div>\n\t\t\t\t\t<\/div>\n\t\t","protected":false},"excerpt":{"rendered":"<p>Stope Performance &amp; Mine Design M\u00f3dulo desarrollado para analizar la estabilidad de caserones ya explotados. En \u00e9l es posible: Importar dise\u00f1o y CMS del caser\u00f3n, Estudiar la estabilidad y sobre excavaci\u00f3n por pared, Guardar los casos analizados en bases de datos. Caracterizaci\u00f3n de unidades geot\u00e9cnicas Variables de an\u00e1lisis:&nbsp;\u2022&nbsp;ID pared \u2022&nbsp;Ancho, alto y largo \u2022&nbsp;Dip [\u00b0] &hellip;<\/p>\n<p class=\"read-more\"> <a class=\"\" href=\"https:\/\/mineroc2.amtc.cl\/?page_id=321&#038;lang=es\"> <span class=\"screen-reader-text\">Stope Performance &#038; Mine Design &#8211; ESP<\/span> Read More &raquo;<\/a><\/p>\n","protected":false},"author":1,"featured_media":0,"parent":0,"menu_order":0,"comment_status":"closed","ping_status":"closed","template":"","meta":{"site-sidebar-layout":"no-sidebar","site-content-layout":"page-builder","ast-global-header-display":"","ast-main-header-display":"","ast-hfb-above-header-display":"","ast-hfb-below-header-display":"","ast-hfb-mobile-header-display":"","site-post-title":"disabled","ast-breadcrumbs-content":"","ast-featured-img":"disabled","footer-sml-layout":"","theme-transparent-header-meta":"default","adv-header-id-meta":"","stick-header-meta":"","header-above-stick-meta":"","header-main-stick-meta":"","header-below-stick-meta":""},"_links":{"self":[{"href":"https:\/\/mineroc2.amtc.cl\/index.php?rest_route=\/wp\/v2\/pages\/321"}],"collection":[{"href":"https:\/\/mineroc2.amtc.cl\/index.php?rest_route=\/wp\/v2\/pages"}],"about":[{"href":"https:\/\/mineroc2.amtc.cl\/index.php?rest_route=\/wp\/v2\/types\/page"}],"author":[{"embeddable":true,"href":"https:\/\/mineroc2.amtc.cl\/index.php?rest_route=\/wp\/v2\/users\/1"}],"replies":[{"embeddable":true,"href":"https:\/\/mineroc2.amtc.cl\/index.php?rest_route=%2Fwp%2Fv2%2Fcomments&post=321"}],"version-history":[{"count":7,"href":"https:\/\/mineroc2.amtc.cl\/index.php?rest_route=\/wp\/v2\/pages\/321\/revisions"}],"predecessor-version":[{"id":379,"href":"https:\/\/mineroc2.amtc.cl\/index.php?rest_route=\/wp\/v2\/pages\/321\/revisions\/379"}],"wp:attachment":[{"href":"https:\/\/mineroc2.amtc.cl\/index.php?rest_route=%2Fwp%2Fv2%2Fmedia&parent=321"}],"curies":[{"name":"wp","href":"https:\/\/api.w.org\/{rel}","templated":true}]}}